{"id":12300,"date":"2023-08-01T13:29:38","date_gmt":"2023-08-01T10:29:38","guid":{"rendered":"http:\/\/hikmet.org.mk\/home-v3-1\/"},"modified":"2024-12-03T14:05:26","modified_gmt":"2024-12-03T11:05:26","slug":"home-v3-1","status":"publish","type":"page","link":"http:\/\/www.hikmet.org.mk\/sq\/","title":{"rendered":"Home-Ar"},"content":{"rendered":"<section class=\"wpb-content-wrapper\"><p>[vc_row el_class=&#8221;content-title&#8221; css=&#8221;.vc_custom_1733134436141{padding-right: 0px !important;padding-left: 0px !important;}&#8221; el_id=&#8221;Sht\u00ebpi&#8221;][vc_column][vc_row_inner row_content_width=&#8221;grid&#8221; el_class=&#8221;impai-home-row left-img-div&#8221; css=&#8221;.vc_custom_1733134493916{background-image: url(http:\/\/www.hikmet.org.mk\/wp-content\/uploads\/2024\/12\/hikmet-hero-bg.jpg?id=12463) !important;}&#8221;][vc_column_inner el_class=&#8221;left-img-div&#8221;][vc_column_text]<\/p>\n<h3>Duke form\u00ebsuar t\u00eb ardhmen s\u00eb bashku:<br \/>\nShkenca, Arti dhe Kultura.<\/h3>\n<p>[\/vc_column_text][vc_column_text]Fondacioni Hikmet p\u00ebrdor fuqin\u00eb e shkenc\u00ebs, artit dhe kultur\u00ebs p\u00ebr t\u00eb promovuar iluminimin shoq\u00ebror.<br \/>\nNe krijojm\u00eb nj\u00eb platform\u00eb ku t\u00eb gjith\u00eb mund t\u00eb kontribuojn\u00eb.[\/vc_column_text][vc_column_text]<\/p>\n<div class=\"top-button\">\n<p><a class=\"request-new-button sg-popup-id-12490\" href=\"#\">Na kontaktoni<\/a><\/p>\n<\/div>\n<p>[\/vc_column_text][\/vc_column_inner][\/vc_row_inner][\/vc_column][\/vc_row][vc_row row_content_width=&#8221;grid&#8221; el_class=&#8221;our-box&#8221;][vc_column][vc_row_inner el_class=&#8221;empowering-box&#8221;][vc_column_inner el_class=&#8221;empowering&#8221; width=&#8221;1\/4&#8243;][vc_single_image image=&#8221;11213&#8243; img_size=&#8221;full&#8221;][vc_column_text el_class=&#8221;empowering-content&#8221;]<\/p>\n<h5>Mb\u00ebshtetje p\u00ebr student\u00ebt<\/h5>\n<p>Ne japim bursa p\u00ebr student\u00eb t\u00eb suksessh\u00ebm, por edhe atyre t\u00eb margjinalizuar socialisht, p\u00ebr t&#8217;u leht\u00ebsuar atyre qasjen n\u00eb arsim t\u00eb lart\u00eb.<\/p>\n<p>Q\u00ebllimi yn\u00eb \u00ebsht\u00eb t&#8217;i inkurajojm\u00eb k\u00ebta t\u00eb rinj t\u00eb sjellin ndryshime pozitive si n\u00eb nivel personal ashtu edhe n\u00eb at\u00eb shoq\u00ebror.[\/vc_column_text][\/vc_column_inner][vc_column_inner el_class=&#8221;empowering&#8221; width=&#8221;1\/4&#8243;][vc_single_image image=&#8221;11214&#8243; img_size=&#8221;full&#8221;][vc_column_text el_class=&#8221;empowering-content&#8221;]<\/p>\n<h5>M\u00ebsim mb\u00ebshtet\u00eb p\u00ebr nx\u00ebn\u00ebsit<\/h5>\n<p>Programet tona t\u00eb m\u00ebsimit mb\u00ebshtet\u00ebs jan\u00eb t\u00eb orientuara p\u00ebr nx\u00ebn\u00ebsit e shkoll\u00ebs fillore dhe t\u00eb gjimnazit. Ne ofrojm\u00eb mb\u00ebshtetje t\u00eb p\u00ebrshtatur n\u00eb l\u00ebnd\u00eb t\u00eb ndryshme p\u00ebr t\u00eb p\u00ebrmir\u00ebsuar performanc\u00ebn e tyre dhe p\u00ebr t\u00eb vendosur bazat p\u00ebr nj\u00eb studim t\u00eb suksessh\u00ebm.<\/p>\n<p>L\u00ebnd\u00ebt p\u00ebrputhen me nevojat individuale t\u00eb nx\u00ebn\u00ebsve, duke v\u00ebn\u00eb theks t\u00eb ve\u00e7ant\u00eb n\u00eb ofrimin e nj\u00eb edukimi t\u00eb cil\u00ebsis\u00eb s\u00eb lart\u00eb.[\/vc_column_text][\/vc_column_inner][vc_column_inner el_class=&#8221;empowering&#8221; width=&#8221;1\/4&#8243;][vc_single_image image=&#8221;11219&#8243; img_size=&#8221;full&#8221;][vc_column_text el_class=&#8221;empowering-content&#8221;]<\/p>\n<h5>Ligjerata dhe konferenca<\/h5>\n<p>Ne organizojm\u00eb ligjerata nga shkenc\u00ebtar\u00eb t\u00eb njohur mbi tema t\u00eb r\u00ebnd\u00ebsishme nga shkenca, shoq\u00ebria, sh\u00ebndeti, feja etj. K\u00ebto ligjerata jan\u00eb t\u00eb hapura p\u00ebr publikun e gjer\u00eb dhe synojn\u00eb t\u00eb nxisin diskutime t\u00eb r\u00ebnd\u00ebsishme n\u00eb shoq\u00ebri.<\/p>\n<p>N\u00eb fush\u00ebn fetare, Fondacioni Hikmet i kushton r\u00ebnd\u00ebsi nj\u00eb kuptimi t\u00eb Islamit q\u00eb bazohet n\u00eb burime autentike dhe q\u00eb p\u00ebrballet me sfidat e shoq\u00ebris\u00eb moderne. Ne e respektojm\u00eb dinjitetin e njeriut, barazin\u00eb e gjinive, mendimin dhe shprehjen e liris\u00eb, si dhe mendimet dhe besimet e ndryshe.[\/vc_column_text][\/vc_column_inner][vc_column_inner el_class=&#8221;empowering&#8221; width=&#8221;1\/4&#8243;][vc_single_image image=&#8221;11216&#8243; img_size=&#8221;full&#8221;][vc_column_text el_class=&#8221;empowering-content&#8221;]<\/p>\n<h5>Aktivitete n\u00eb fush\u00ebn e artit dhe kultur\u00ebs<\/h5>\n<p>P\u00ebrve\u00e7 kontributeve shkencore, ne mb\u00ebshtesim gjithashtu projekte kulturore dhe artistike. Kjo p\u00ebrfshin organizimin e festivaleve kulturore dhe vizita n\u00eb muze dhe institucione t\u00eb ndyshme kulturore. N\u00eb fush\u00ebn e artit, ne mb\u00ebshtesim ekspozita dhe projekte artistike t\u00eb ndryshme.<\/p>\n<p>Gjithashtu, fondacioni mb\u00ebshtet t\u00eb gjitha iniciativat dhe aktivitetet q\u00eb kontribuojn\u00eb p\u00ebr mir\u00ebqenien e shoq\u00ebris\u00eb dhe q\u00eb jan\u00eb n\u00eb p\u00ebrputhje me objektivat e fondacionit.[\/vc_column_text][\/vc_column_inner][\/vc_row_inner][\/vc_column][\/vc_row][vc_row el_class=&#8221;who&#8221; el_id=&#8221;kush-jemi-ne&#8221;][vc_column][vc_row_inner row_content_width=&#8221;grid&#8221;][vc_column_inner width=&#8221;1\/2&#8243;][vc_column_text]<\/p>\n<h3>Kush jemi ne?<\/h3>\n<p>Fondacioni Hikmet u themelua n\u00eb vitin 2024 n\u00eb Vrap\u00e7isht\u00eb dhe \u00ebsht\u00eb nj\u00eb organizat\u00eb jofitimprur\u00ebse me qend\u00ebr n\u00eb Maqedonin\u00eb e Veriut. Q\u00ebllimi yn\u00eb \u00ebsht\u00eb t\u00eb promovojm\u00eb shkenc\u00ebn, kultur\u00ebn dhe artin dhe t\u00eb japim nj\u00eb kontribut t\u00eb \u00e7muar n\u00eb nd\u00ebrgjegj\u00ebsimin shoq\u00ebror. Emri i fondacionit nderon Akademin\u00eb e njohur shkencore \u201eSht\u00ebpia e Urt\u00ebsis\u00eb\u201c (Bait al-\u1e24ikma), e themeluar n\u00eb vitin 825 n\u00eb Bagdad.<\/p>\n<p>Ne angazhohemi p\u00ebr ringjalljen dhe promovimin e shkenc\u00ebs, artit dhe kultur\u00ebs dhe jemi t\u00eb hapur p\u00ebr t\u00eb gjith\u00eb njer\u00ebzit, pavar\u00ebsisht nga p\u00ebrkat\u00ebsia e tyre etnike, kulturore apo fetare. Fondacioni \u00ebsht\u00eb apolitik dhe joqeveritar dhe nuk \u00ebsht\u00eb pjes\u00eb e asnj\u00eb grupimi t\u00eb caktuar fetar apo ideologjik. Ne jemi t\u00eb bindur se \u00e7do njeri \u00ebsht\u00eb i pajisur me dinjitet dhe se liria e mendimit dhe e shprehjes, si dhe diversiteti kulturor dhe fetar, jan\u00eb vlera t\u00eb pacenueshme t\u00eb njer\u00ebzimit. Puna dhe aktivitetet tona financohen ekskluzivisht nga donacionet e dashamir\u00ebve dhe kontributet vullnetare t\u00eb an\u00ebtar\u00ebve.[\/vc_column_text][\/vc_column_inner][vc_column_inner width=&#8221;1\/2&#8243;][vc_column_text]<\/p>\n<h3>\u00c7far\u00eb duam t\u00eb arrijm\u00eb?<\/h3>\n<p>Ne synojm\u00eb t\u00eb ndihmojm\u00eb shoq\u00ebrin\u00eb n\u00eb zhvillimin e saj n\u00eb fushat e arsimit, shkenc\u00ebs, artit dhe kultur\u00ebs. N\u00eb nj\u00eb periudh\u00eb kur po rritet skepticizmi dhe interesimi p\u00ebr k\u00ebto fusha po bie, ne p\u00ebrpiqemi t\u00eb kund\u00ebrshtojm\u00eb k\u00ebto tendenca p\u00ebrmes aktiviteteve t\u00eb ndryshme.<\/p>\n<p>Q\u00ebllimi yn\u00eb \u00ebsht\u00eb t\u00eb mb\u00ebshtesim individ\u00eb dhe grupe q\u00eb mund t\u00eb japin nj\u00eb kontribut pozitiv p\u00ebr mir\u00ebqenien e shoq\u00ebris\u00eb n\u00eb shkenc\u00eb, art dhe kultur\u00eb. Ne besojm\u00eb se zhvillimi i nj\u00eb shoq\u00ebrie mund t\u00eb p\u00ebrshpejtohet p\u00ebrmes arsimit cil\u00ebsor, prandaj mb\u00ebshtesim dhe nxisim aktivitete q\u00eb p\u00ebrmir\u00ebsojn\u00eb nd\u00ebrgjegj\u00ebsimin dhe p\u00ebrparimin shoq\u00ebror.[\/vc_column_text][\/vc_column_inner][\/vc_row_inner][\/vc_column][\/vc_row][vc_row row_content_width=&#8221;grid&#8221; el_class=&#8221;content-title our&#8221; css=&#8221;.vc_custom_1732807875703{padding-right: 0px !important;padding-left: 0px !important;}&#8221; el_id=&#8221;q\u00ebllimi-yn\u00eb&#8221;][vc_column width=&#8221;1\/3&#8243;][vc_column_text]<\/p>\n<h3>Misioni yn\u00eb<\/h3>\n<p>Misioni i Fondacionit Hikmet \u00ebsht\u00eb t\u00eb avancoj\u00eb shkenc\u00ebn, artin dhe kultur\u00ebn, duke nxitur iluminimin social, duke mb\u00ebshtetur arsimin dhe duke promovuar t\u00eb menduarit kritik. I hapur p\u00ebr t\u00eb gjith\u00eb, pavar\u00ebsisht nga p\u00ebrkat\u00ebsia etnike apo fetare, fondacioni vler\u00ebson dinjitetin njer\u00ebzor, lirin\u00eb e shprehjes dhe diversitetin kulturor.[\/vc_column_text][\/vc_column][vc_column width=&#8221;1\/3&#8243;][vc_column_text]<\/p>\n<h3>Vizioni yn\u00eb<\/h3>\n<p>Vizioni i Fondacionit Hikmet \u00ebsht\u00eb t\u00eb krijoj\u00eb nj\u00eb shoq\u00ebri gjith\u00ebp\u00ebrfshir\u00ebse, t\u00eb lir\u00eb dhe t\u00eb drejtuar nga arsimi p\u00ebrmes shkenc\u00ebs, artit dhe kultur\u00ebs. I frym\u00ebzuar nga trash\u00ebgimia e &#8216;Sht\u00ebpis\u00eb s\u00eb Urt\u00ebsis\u00eb&#8217;, q\u00ebllimi \u00ebsht\u00eb t\u00eb nxis\u00eb p\u00ebrparimin e bazuar n\u00eb njohuri dhe t\u00eb ruaj\u00eb trash\u00ebgimin\u00eb kulturore p\u00ebr brezat e ardhsh\u00ebm.[\/vc_column_text][\/vc_column][vc_column width=&#8221;1\/3&#8243;][vc_column_text]<\/p>\n<h3>Q\u00ebllimi yn\u00eb<\/h3>\n<p>Fondacioni mb\u00ebshtet \u00e7do iniciativ\u00eb dhe aktivitet q\u00eb kontribuon n\u00eb t\u00eb mir\u00ebn m\u00eb t\u00eb madhe t\u00eb shoq\u00ebris\u00eb dhe p\u00ebrputhet me objektivat e fondacionit.[\/vc_column_text][\/vc_column][\/vc_row]<\/p>\n<\/section>","protected":false},"excerpt":{"rendered":"<p>[vc_row el_class=&#8221;content-title&#8221; css=&#8221;.vc_custom_1733134436141{padding-right: 0px !important;padding-left: 0px !important;}&#8221; el_id=&#8221;Sht\u00ebpi&#8221;][vc_column][vc_row_inner row_content_width=&#8221;grid&#8221; el_class=&#8221;impai-home-row left-img-div&#8221; css=&#8221;.vc_custom_1733134493916{background-image: url(http:\/\/www.hikmet.org.mk\/wp-content\/uploads\/2024\/12\/hikmet-hero-bg.jpg?id=12463) !important;}&#8221;][vc_column_inner el_class=&#8221;left-img-div&#8221;][vc_column_text] Duke form\u00ebsuar t\u00eb ardhmen s\u00eb bashku: Shkenca, Arti dhe Kultura. [\/vc_column_text][vc_column_text]Fondacioni Hikmet p\u00ebrdor fuqin\u00eb e shkenc\u00ebs, artit dhe kultur\u00ebs p\u00ebr t\u00eb promovuar iluminimin shoq\u00ebror. Ne [&hellip;]<\/p>\n","protected":false},"author":1,"featured_media":0,"parent":0,"menu_order":0,"comment_status":"closed","ping_status":"closed","template":"full-width.php","meta":{"footnotes":""},"class_list":["post-12300","page","type-page","status-publish","hentry"],"yoast_head":"<!-- This site is optimized with the Yoast SEO plugin v23.9 - https:\/\/yoast.com\/wordpress\/plugins\/seo\/ -->\n<title>Hikmet | Fondacioni per shkence, kulture dhe art<\/title>\n<meta name=\"robots\" content=\"index, follow, max-snippet:-1, max-image-preview:large, max-video-preview:-1\" \/>\n<link rel=\"canonical\" href=\"http:\/\/www.hikmet.org.mk\/sq\/\" \/>\n<meta name=\"twitter:card\" content=\"summary_large_image\" \/>\n<meta name=\"twitter:title\" content=\"Hikmet | Fondacioni per shkence, kulture dhe art\" \/>\n<meta name=\"twitter:description\" content=\"[vc_row el_class=&#8221;content-title&#8221; css=&#8221;.vc_custom_1733134436141{padding-right: 0px !important;padding-left: 0px !important;}&#8221; el_id=&#8221;Sht\u00ebpi&#8221;][vc_column][vc_row_inner row_content_width=&#8221;grid&#8221; el_class=&#8221;impai-home-row left-img-div&#8221; css=&#8221;.vc_custom_1733134493916{background-image: url(http:\/\/www.hikmet.org.mk\/wp-content\/uploads\/2024\/12\/hikmet-hero-bg.jpg?id=12463) !important;}&#8221;][vc_column_inner el_class=&#8221;left-img-div&#8221;][vc_column_text] Duke form\u00ebsuar t\u00eb ardhmen s\u00eb bashku: Shkenca, Arti dhe Kultura. [\/vc_column_text][vc_column_text]Fondacioni Hikmet p\u00ebrdor fuqin\u00eb e shkenc\u00ebs, artit dhe kultur\u00ebs p\u00ebr t\u00eb promovuar iluminimin shoq\u00ebror. Ne [&hellip;]\" \/>\n<meta name=\"twitter:label1\" content=\"Est. reading time\" \/>\n\t<meta name=\"twitter:data1\" content=\"4 minutes\" \/>\n<script type=\"application\/ld+json\" class=\"yoast-schema-graph\">{\"@context\":\"https:\/\/schema.org\",\"@graph\":[{\"@type\":\"WebPage\",\"@id\":\"http:\/\/www.hikmet.org.mk\/sq\/\",\"url\":\"http:\/\/www.hikmet.org.mk\/sq\/\",\"name\":\"Hikmet | Fondacioni per shkence, kulture dhe art\",\"isPartOf\":{\"@id\":\"http:\/\/www.hikmet.org.mk\/mk\/#website\"},\"datePublished\":\"2023-08-01T10:29:38+00:00\",\"dateModified\":\"2024-12-03T11:05:26+00:00\",\"breadcrumb\":{\"@id\":\"http:\/\/www.hikmet.org.mk\/sq\/#breadcrumb\"},\"inLanguage\":\"sq-AL\",\"potentialAction\":[{\"@type\":\"ReadAction\",\"target\":[\"http:\/\/www.hikmet.org.mk\/sq\/\"]}]},{\"@type\":\"BreadcrumbList\",\"@id\":\"http:\/\/www.hikmet.org.mk\/sq\/#breadcrumb\",\"itemListElement\":[{\"@type\":\"ListItem\",\"position\":1,\"name\":\"Home\",\"item\":\"http:\/\/www.hikmet.org.mk\/sq\/\"},{\"@type\":\"ListItem\",\"position\":2,\"name\":\"Home-Ar\"}]},{\"@type\":\"WebSite\",\"@id\":\"http:\/\/www.hikmet.org.mk\/mk\/#website\",\"url\":\"http:\/\/www.hikmet.org.mk\/mk\/\",\"name\":\"Foundation for Science, Culture and Art\",\"description\":\"\",\"publisher\":{\"@id\":\"http:\/\/www.hikmet.org.mk\/mk\/#organization\"},\"potentialAction\":[{\"@type\":\"SearchAction\",\"target\":{\"@type\":\"EntryPoint\",\"urlTemplate\":\"http:\/\/www.hikmet.org.mk\/mk\/?s={search_term_string}\"},\"query-input\":{\"@type\":\"PropertyValueSpecification\",\"valueRequired\":true,\"valueName\":\"search_term_string\"}}],\"inLanguage\":\"sq-AL\"},{\"@type\":\"Organization\",\"@id\":\"http:\/\/www.hikmet.org.mk\/mk\/#organization\",\"name\":\"Foundation for Science, Culture and Art\",\"url\":\"http:\/\/www.hikmet.org.mk\/mk\/\",\"logo\":{\"@type\":\"ImageObject\",\"inLanguage\":\"sq-AL\",\"@id\":\"http:\/\/www.hikmet.org.mk\/mk\/#\/schema\/logo\/image\/\",\"url\":\"\",\"contentUrl\":\"\",\"caption\":\"Foundation for Science, Culture and Art\"},\"image\":{\"@id\":\"http:\/\/www.hikmet.org.mk\/mk\/#\/schema\/logo\/image\/\"}}]}<\/script>\n<!-- \/ Yoast SEO plugin. -->","yoast_head_json":{"title":"Hikmet | Fondacioni per shkence, kulture dhe art","robots":{"index":"index","follow":"follow","max-snippet":"max-snippet:-1","max-image-preview":"max-image-preview:large","max-video-preview":"max-video-preview:-1"},"canonical":"http:\/\/www.hikmet.org.mk\/sq\/","twitter_card":"summary_large_image","twitter_title":"Hikmet | Fondacioni per shkence, kulture dhe art","twitter_description":"[vc_row el_class=&#8221;content-title&#8221; css=&#8221;.vc_custom_1733134436141{padding-right: 0px !important;padding-left: 0px !important;}&#8221; el_id=&#8221;Sht\u00ebpi&#8221;][vc_column][vc_row_inner row_content_width=&#8221;grid&#8221; el_class=&#8221;impai-home-row left-img-div&#8221; css=&#8221;.vc_custom_1733134493916{background-image: url(http:\/\/www.hikmet.org.mk\/wp-content\/uploads\/2024\/12\/hikmet-hero-bg.jpg?id=12463) !important;}&#8221;][vc_column_inner el_class=&#8221;left-img-div&#8221;][vc_column_text] Duke form\u00ebsuar t\u00eb ardhmen s\u00eb bashku: Shkenca, Arti dhe Kultura. [\/vc_column_text][vc_column_text]Fondacioni Hikmet p\u00ebrdor fuqin\u00eb e shkenc\u00ebs, artit dhe kultur\u00ebs p\u00ebr t\u00eb promovuar iluminimin shoq\u00ebror. Ne [&hellip;]","twitter_misc":{"Est. reading time":"4 minutes"},"schema":{"@context":"https:\/\/schema.org","@graph":[{"@type":"WebPage","@id":"http:\/\/www.hikmet.org.mk\/sq\/","url":"http:\/\/www.hikmet.org.mk\/sq\/","name":"Hikmet | Fondacioni per shkence, kulture dhe art","isPartOf":{"@id":"http:\/\/www.hikmet.org.mk\/mk\/#website"},"datePublished":"2023-08-01T10:29:38+00:00","dateModified":"2024-12-03T11:05:26+00:00","breadcrumb":{"@id":"http:\/\/www.hikmet.org.mk\/sq\/#breadcrumb"},"inLanguage":"sq-AL","potentialAction":[{"@type":"ReadAction","target":["http:\/\/www.hikmet.org.mk\/sq\/"]}]},{"@type":"BreadcrumbList","@id":"http:\/\/www.hikmet.org.mk\/sq\/#breadcrumb","itemListElement":[{"@type":"ListItem","position":1,"name":"Home","item":"http:\/\/www.hikmet.org.mk\/sq\/"},{"@type":"ListItem","position":2,"name":"Home-Ar"}]},{"@type":"WebSite","@id":"http:\/\/www.hikmet.org.mk\/mk\/#website","url":"http:\/\/www.hikmet.org.mk\/mk\/","name":"Foundation for Science, Culture and Art","description":"","publisher":{"@id":"http:\/\/www.hikmet.org.mk\/mk\/#organization"},"potentialAction":[{"@type":"SearchAction","target":{"@type":"EntryPoint","urlTemplate":"http:\/\/www.hikmet.org.mk\/mk\/?s={search_term_string}"},"query-input":{"@type":"PropertyValueSpecification","valueRequired":true,"valueName":"search_term_string"}}],"inLanguage":"sq-AL"},{"@type":"Organization","@id":"http:\/\/www.hikmet.org.mk\/mk\/#organization","name":"Foundation for Science, Culture and Art","url":"http:\/\/www.hikmet.org.mk\/mk\/","logo":{"@type":"ImageObject","inLanguage":"sq-AL","@id":"http:\/\/www.hikmet.org.mk\/mk\/#\/schema\/logo\/image\/","url":"","contentUrl":"","caption":"Foundation for Science, Culture and Art"},"image":{"@id":"http:\/\/www.hikmet.org.mk\/mk\/#\/schema\/logo\/image\/"}}]}},"_links":{"self":[{"href":"http:\/\/www.hikmet.org.mk\/sq\/wp-json\/wp\/v2\/pages\/12300","targetHints":{"allow":["GET"]}}],"collection":[{"href":"http:\/\/www.hikmet.org.mk\/sq\/wp-json\/wp\/v2\/pages"}],"about":[{"href":"http:\/\/www.hikmet.org.mk\/sq\/wp-json\/wp\/v2\/types\/page"}],"author":[{"embeddable":true,"href":"http:\/\/www.hikmet.org.mk\/sq\/wp-json\/wp\/v2\/users\/1"}],"replies":[{"embeddable":true,"href":"http:\/\/www.hikmet.org.mk\/sq\/wp-json\/wp\/v2\/comments?post=12300"}],"version-history":[{"count":23,"href":"http:\/\/www.hikmet.org.mk\/sq\/wp-json\/wp\/v2\/pages\/12300\/revisions"}],"predecessor-version":[{"id":12493,"href":"http:\/\/www.hikmet.org.mk\/sq\/wp-json\/wp\/v2\/pages\/12300\/revisions\/12493"}],"wp:attachment":[{"href":"http:\/\/www.hikmet.org.mk\/sq\/wp-json\/wp\/v2\/media?parent=12300"}],"curies":[{"name":"wp","href":"https:\/\/api.w.org\/{rel}","templated":true}]}}