{"id":12302,"date":"2023-08-01T13:29:38","date_gmt":"2023-08-01T10:29:38","guid":{"rendered":"http:\/\/hikmet.org.mk\/home-v3-1\/"},"modified":"2024-12-03T14:51:00","modified_gmt":"2024-12-03T11:51:00","slug":"bilim-kultur-ve-sanat-vakfi","status":"publish","type":"page","link":"http:\/\/www.hikmet.org.mk\/tr\/","title":{"rendered":"Home-TR"},"content":{"rendered":"<section class=\"wpb-content-wrapper\"><p>[vc_row el_class=&#8221;content-title&#8221; css=&#8221;.vc_custom_1733134793937{padding-right: 0px !important;padding-left: 0px !important;}&#8221; el_id=&#8221;anasayfa&#8221;][vc_column][vc_row_inner row_content_width=&#8221;grid&#8221; el_class=&#8221;impai-home-row left-img-div&#8221; css=&#8221;.vc_custom_1733134810332{background-image: url(http:\/\/www.hikmet.org.mk\/wp-content\/uploads\/2024\/12\/hikmet-hero-bg.jpg?id=12465) !important;}&#8221;][vc_column_inner el_class=&#8221;left-img-div&#8221;][vc_column_text]<\/p>\n<h3>Gelece\u011fi Birlikte \u015eekillendiriyoruz:<br \/>\nBilim, Sanat ve K\u00fclt\u00fcr.<\/h3>\n<p>[\/vc_column_text][vc_column_text]Hikmet Vakf\u0131, toplumsal ayd\u0131nlanmay\u0131 te\u015fvik etmek i\u00e7in bilimin, sanat\u0131n ve k\u00fclt\u00fcr\u00fcn g\u00fcc\u00fcn\u00fc kullan\u0131r.<br \/>\nHerkesin katk\u0131da bulunabilece\u011fi bir platform olu\u015fturuyoruz.[\/vc_column_text][vc_column_text]<\/p>\n<div class=\"top-button\">\n<p><a class=\"request-new-button sg-popup-id-12498\" href=\"#\">\u0130leti\u015fim<\/a><\/p>\n<\/div>\n<p>[\/vc_column_text][\/vc_column_inner][\/vc_row_inner][\/vc_column][\/vc_row][vc_row row_content_width=&#8221;grid&#8221; el_class=&#8221;our-box&#8221;][vc_column][vc_row_inner el_class=&#8221;empowering-box&#8221;][vc_column_inner el_class=&#8221;empowering&#8221; width=&#8221;1\/4&#8243;][vc_single_image image=&#8221;11213&#8243; img_size=&#8221;full&#8221;][vc_column_text el_class=&#8221;empowering-content&#8221;]<\/p>\n<h5><strong>\u00dcniversite \u00d6\u011frencilerine Burs<\/strong><\/h5>\n<p>Ba\u015far\u0131l\u0131, ancak maddi a\u00e7\u0131dan dezavantajl\u0131 \u00f6\u011frencilere y\u00fcksek\u00f6\u011fretime eri\u015fimlerini kolayla\u015ft\u0131rmak ve e\u011fitimlerini tamamlamalar\u0131n\u0131 sa\u011flamak amac\u0131yla burs veriyoruz.<\/p>\n<p>Amac\u0131m\u0131z, bu gen\u00e7leri hem kendi ya\u015famlar\u0131nda hem de toplumsal alanda olumlu de\u011fi\u015fimler yaratmaya te\u015fvik etmektir.[\/vc_column_text][\/vc_column_inner][vc_column_inner el_class=&#8221;empowering&#8221; width=&#8221;1\/4&#8243;][vc_single_image image=&#8221;11214&#8243; img_size=&#8221;full&#8221;][vc_column_text el_class=&#8221;empowering-content&#8221;]<\/p>\n<h5>\u00d6zel Ders Programlar\u0131<\/h5>\n<p>\u00d6zel ders programlar\u0131m\u0131z, ilkokul ve ortaokul \u00f6\u011frencilerine y\u00f6nelik olup, onlar\u0131n performanslar\u0131n\u0131 art\u0131rmak ve ba\u015far\u0131l\u0131 bir e\u011fitim hayat\u0131n\u0131n temellerini atmak amac\u0131yla \u00e7e\u015fitli derslerde bireysel destek sa\u011flamaktad\u0131r.<\/p>\n<p>Ders i\u00e7erikleri, \u00f6\u011frencilerin ihtiya\u00e7lar\u0131na g\u00f6re \u015fekillendirilmekte ve y\u00fcksek kaliteli e\u011fitim programlar\u0131na \u00f6zel bir \u00f6nem verilmektedir.[\/vc_column_text][\/vc_column_inner][vc_column_inner el_class=&#8221;empowering&#8221; width=&#8221;1\/4&#8243;][vc_single_image image=&#8221;11219&#8243; img_size=&#8221;full&#8221;][vc_column_text el_class=&#8221;empowering-content&#8221;]<\/p>\n<h5>Konferanslar ve Dersler<\/h5>\n<p>Bilim, toplum, sa\u011fl\u0131k ve din gibi \u00f6nemli konularda alan\u0131nda uzman akademisyenleri davet ederek s\u00f6yle\u015filer ve konferanslar d\u00fczenliyoruz. Bu etkinlikler, halk\u0131n kat\u0131l\u0131m\u0131na a\u00e7\u0131k olacak ve \u00f6nemli toplumsal konular\u0131n tart\u0131\u015f\u0131lmas\u0131n\u0131 te\u015fvik edecektir.<\/p>\n<p>Dini alanda ise Hikmet Vakf\u0131, \u0130slam\u2019\u0131 otantik kaynaklara dayal\u0131 ve modern toplumun ihtiya\u00e7lar\u0131n\u0131 g\u00f6zeten bir anlay\u0131\u015fla ele almaktad\u0131r. \u0130nsan onuruna, insanlar\u0131n e\u015fitli\u011fine, \u00f6zg\u00fcrl\u00fc\u011fe, ak\u0131l ve d\u00fc\u015f\u00fcncenin \u00f6nemine, farkl\u0131 inan\u00e7lara ve g\u00f6r\u00fc\u015flere sayg\u0131ya \u00f6zel bir vurgu yap\u0131yoruz.[\/vc_column_text][\/vc_column_inner][vc_column_inner el_class=&#8221;empowering&#8221; width=&#8221;1\/4&#8243;][vc_single_image image=&#8221;11216&#8243; img_size=&#8221;full&#8221;][vc_column_text el_class=&#8221;empowering-content&#8221;]<\/p>\n<h5>Sanat ve K\u00fclt\u00fcrel Faaliyetler<\/h5>\n<p>Bilimsel faaliyetlerin yan\u0131 s\u0131ra sanatsal ve k\u00fclt\u00fcrel projeleri de destekliyoruz. K\u00fclt\u00fcrel festivallerin d\u00fczenlenmesi, m\u00fcze ve k\u00fclt\u00fcrel kurumlara yap\u0131lan ziyaretler gibi \u00e7e\u015fitli etkinlikler ger\u00e7ekle\u015ftiriyoruz. Sanat alan\u0131nda ise, farkl\u0131 sergilere ve sanat projelerine katk\u0131 sa\u011fl\u0131yoruz.<\/p>\n<p>Vakf\u0131m\u0131z, ayr\u0131ca topluma yararl\u0131 olacak ve vakf\u0131n ilkeleriyle uyumlu her t\u00fcrl\u00fc giri\u015fim ve faaliyeti desteklemektedir.<br \/>\n[\/vc_column_text][\/vc_column_inner][\/vc_row_inner][\/vc_column][\/vc_row][vc_row el_class=&#8221;who&#8221; el_id=&#8221;biz-kimiz&#8221;][vc_column][vc_row_inner row_content_width=&#8221;grid&#8221;][vc_column_inner width=&#8221;1\/2&#8243;][vc_column_text]<\/p>\n<h3>Biz Kimiz?<\/h3>\n<p>Hikmet Vakf\u0131, 2024 y\u0131l\u0131nda Vrap\u00e7i\u015fte\u2019de kurulan ve Kuzey Makedonya merkezli kar amac\u0131 g\u00fctmeyen bir kurulu\u015ftur. Amac\u0131m\u0131z, bilim, k\u00fclt\u00fcr ve sanat\u0131 te\u015fvik ederek toplumsal bilin\u00e7lenmeye bir katk\u0131 sunmakt\u0131r. Vakf\u0131m\u0131z\u0131n ad\u0131, 825 y\u0131l\u0131nda Ba\u011fdat\u2019ta kurulan \u00fcnl\u00fc bilim akademisi \u201cBilgelik Evi\u201dni (Beyt el-Hikme) onurland\u0131rmaktad\u0131r.<\/p>\n<p>Bilim, sanat ve k\u00fclt\u00fcr\u00fcn yeniden canland\u0131r\u0131lmas\u0131 i\u00e7in \u00e7al\u0131\u015fan vakf\u0131m\u0131z, etnik, k\u00fclt\u00fcrel veya dini aidiyet g\u00f6zetmeksizin herkese a\u00e7\u0131kt\u0131r. Vakf\u0131m\u0131z, partiler \u00fcst\u00fc bir sivil toplum kurulu\u015fu olarak, insan onuruna, ifade \u00f6zg\u00fcrl\u00fc\u011f\u00fcne, k\u00fclt\u00fcrel ve dini \u00e7e\u015fitlili\u011fe, ayr\u0131ca ele\u015ftirel d\u00fc\u015f\u00fcnceye b\u00fcy\u00fck \u00f6nem vermektedir. Faaliyetlerimiz, sadece g\u00f6n\u00fcll\u00fc ba\u011f\u0131\u015flar ve \u00fcyelik aidatlar\u0131yla finanse edilmektedir.[\/vc_column_text][\/vc_column_inner][vc_column_inner width=&#8221;1\/2&#8243;][vc_column_text]<\/p>\n<h3>Ne Yapmak \u0130stiyoruz?<\/h3>\n<p>Amac\u0131m\u0131z, toplumun bilim, sanat ve k\u00fclt\u00fcr alanlar\u0131nda ilerlemesine katk\u0131da bulunmakt\u0131r. Bu alanlara duyulan ilginin azald\u0131\u011f\u0131, \u015f\u00fcphecili\u011fin ise artt\u0131\u011f\u0131 g\u00fcn\u00fcm\u00fczde, \u00e7e\u015fitli etkinliklerle bu e\u011filimlere kar\u015f\u0131 durmay\u0131 hedefliyoruz.<\/p>\n<p>Bilim, sanat ve k\u00fclt\u00fcr alanlar\u0131nda toplumsal refah i\u00e7in katk\u0131 sa\u011flayabilecek birey ve gruplar\u0131 desteklemeyi ama\u00e7l\u0131yoruz. Toplumsal refah\u0131n\u0131n ancak e\u011fitimle artaca\u011f\u0131na inand\u0131\u011f\u0131m\u0131z i\u00e7in, toplumsal bilin\u00e7lenmeye katk\u0131da bulunacak faaliyetleri hayata ge\u00e7iriyor ve destekliyoruz.[\/vc_column_text][\/vc_column_inner][\/vc_row_inner][\/vc_column][\/vc_row][vc_row row_content_width=&#8221;grid&#8221; el_class=&#8221;content-title our&#8221; css=&#8221;.vc_custom_1732808020353{padding-right: 0px !important;padding-left: 0px !important;}&#8221; el_id=&#8221;amacimiz&#8221;][vc_column width=&#8221;1\/3&#8243;][vc_column_text]<\/p>\n<h3>Misyonumuz<\/h3>\n<p>Hikmet Vakf\u0131&#8217;n\u0131n misyonu bilimi, sanat\u0131 ve k\u00fclt\u00fcr\u00fc ilerletmek, toplumsal ayd\u0131nlanmay\u0131 te\u015fvik etmek, e\u011fitimi desteklemek ve ele\u015ftirel d\u00fc\u015f\u00fcnmeyi te\u015fvik etmektir. Etnik veya dini ge\u00e7mi\u015fine bak\u0131lmaks\u0131z\u0131n herkese a\u00e7\u0131k olan vak\u0131f, insan onuruna, ifade \u00f6zg\u00fcrl\u00fc\u011f\u00fcne ve k\u00fclt\u00fcrel \u00e7e\u015fitlili\u011fe de\u011fer verir.[\/vc_column_text][\/vc_column][vc_column width=&#8221;1\/3&#8243;][vc_column_text]<\/p>\n<h3>Vizyonumuz<\/h3>\n<p>Hikmet Vakf\u0131&#8217;n\u0131n vizyonu, bilim, sanat ve k\u00fclt\u00fcr yoluyla kapsay\u0131c\u0131, \u00f6zg\u00fcr ve e\u011fitim odakl\u0131 bir toplum yaratmakt\u0131r. &#8216;Bilgelik Evi&#8217;nin miras\u0131ndan ilham alan hedef, bilgiye dayal\u0131 ilerlemeyi te\u015fvik etmek ve k\u00fclt\u00fcrel miras\u0131 gelecek nesiller i\u00e7in korumakt\u0131r.[\/vc_column_text][\/vc_column][vc_column width=&#8221;1\/3&#8243;][vc_column_text]<\/p>\n<h3>Amac\u0131m\u0131z<\/h3>\n<p>Vak\u0131f, toplumun daha b\u00fcy\u00fck yarar\u0131na katk\u0131da bulunan ve vakf\u0131n ama\u00e7lar\u0131yla \u00f6rt\u00fc\u015fen her t\u00fcrl\u00fc giri\u015fim ve faaliyeti destekler.[\/vc_column_text][\/vc_column][\/vc_row]<\/p>\n<\/section>","protected":false},"excerpt":{"rendered":"<p>[vc_row el_class=&#8221;content-title&#8221; css=&#8221;.vc_custom_1733134793937{padding-right: 0px !important;padding-left: 0px !important;}&#8221; el_id=&#8221;anasayfa&#8221;][vc_column][vc_row_inner row_content_width=&#8221;grid&#8221; el_class=&#8221;impai-home-row left-img-div&#8221; css=&#8221;.vc_custom_1733134810332{background-image: url(http:\/\/www.hikmet.org.mk\/wp-content\/uploads\/2024\/12\/hikmet-hero-bg.jpg?id=12465) !important;}&#8221;][vc_column_inner el_class=&#8221;left-img-div&#8221;][vc_column_text] Gelece\u011fi Birlikte \u015eekillendiriyoruz: Bilim, Sanat ve K\u00fclt\u00fcr. [\/vc_column_text][vc_column_text]Hikmet Vakf\u0131, toplumsal ayd\u0131nlanmay\u0131 te\u015fvik etmek i\u00e7in bilimin, sanat\u0131n ve k\u00fclt\u00fcr\u00fcn g\u00fcc\u00fcn\u00fc kullan\u0131r. Herkesin katk\u0131da bulunabilece\u011fi bir platform [&hellip;]<\/p>\n","protected":false},"author":1,"featured_media":0,"parent":0,"menu_order":0,"comment_status":"closed","ping_status":"closed","template":"full-width.php","meta":{"footnotes":""},"class_list":["post-12302","page","type-page","status-publish","hentry"],"yoast_head":"<!-- This site is optimized with the Yoast SEO plugin v23.9 - https:\/\/yoast.com\/wordpress\/plugins\/seo\/ -->\n<title>Hikmet | Bilim, K\u00fclt\u00fcr ve Sanat Vakf\u0131<\/title>\n<meta name=\"robots\" content=\"index, follow, max-snippet:-1, max-image-preview:large, max-video-preview:-1\" \/>\n<link rel=\"canonical\" href=\"http:\/\/www.hikmet.org.mk\/tr\/\" \/>\n<meta name=\"twitter:card\" content=\"summary_large_image\" \/>\n<meta name=\"twitter:title\" content=\"Hikmet | Bilim, K\u00fclt\u00fcr ve Sanat Vakf\u0131\" \/>\n<meta name=\"twitter:description\" content=\"[vc_row el_class=&#8221;content-title&#8221; css=&#8221;.vc_custom_1733134793937{padding-right: 0px !important;padding-left: 0px !important;}&#8221; el_id=&#8221;anasayfa&#8221;][vc_column][vc_row_inner row_content_width=&#8221;grid&#8221; el_class=&#8221;impai-home-row left-img-div&#8221; css=&#8221;.vc_custom_1733134810332{background-image: url(http:\/\/www.hikmet.org.mk\/wp-content\/uploads\/2024\/12\/hikmet-hero-bg.jpg?id=12465) !important;}&#8221;][vc_column_inner el_class=&#8221;left-img-div&#8221;][vc_column_text] Gelece\u011fi Birlikte \u015eekillendiriyoruz: Bilim, Sanat ve K\u00fclt\u00fcr. [\/vc_column_text][vc_column_text]Hikmet Vakf\u0131, toplumsal ayd\u0131nlanmay\u0131 te\u015fvik etmek i\u00e7in bilimin, sanat\u0131n ve k\u00fclt\u00fcr\u00fcn g\u00fcc\u00fcn\u00fc kullan\u0131r. Herkesin katk\u0131da bulunabilece\u011fi bir platform [&hellip;]\" \/>\n<meta name=\"twitter:label1\" content=\"Tahmini okuma s\u00fcresi\" \/>\n\t<meta name=\"twitter:data1\" content=\"4 dakika\" \/>\n<script type=\"application\/ld+json\" class=\"yoast-schema-graph\">{\"@context\":\"https:\/\/schema.org\",\"@graph\":[{\"@type\":\"WebPage\",\"@id\":\"http:\/\/www.hikmet.org.mk\/tr\/\",\"url\":\"http:\/\/www.hikmet.org.mk\/tr\/\",\"name\":\"Hikmet | Bilim, K\u00fclt\u00fcr ve Sanat Vakf\u0131\",\"isPartOf\":{\"@id\":\"http:\/\/www.hikmet.org.mk\/mk\/#website\"},\"datePublished\":\"2023-08-01T10:29:38+00:00\",\"dateModified\":\"2024-12-03T11:51:00+00:00\",\"breadcrumb\":{\"@id\":\"http:\/\/www.hikmet.org.mk\/tr\/#breadcrumb\"},\"inLanguage\":\"tr\",\"potentialAction\":[{\"@type\":\"ReadAction\",\"target\":[\"http:\/\/www.hikmet.org.mk\/tr\/\"]}]},{\"@type\":\"BreadcrumbList\",\"@id\":\"http:\/\/www.hikmet.org.mk\/tr\/#breadcrumb\",\"itemListElement\":[{\"@type\":\"ListItem\",\"position\":1,\"name\":\"Home\",\"item\":\"http:\/\/www.hikmet.org.mk\/tr\/\"},{\"@type\":\"ListItem\",\"position\":2,\"name\":\"Home-TR\"}]},{\"@type\":\"WebSite\",\"@id\":\"http:\/\/www.hikmet.org.mk\/mk\/#website\",\"url\":\"http:\/\/www.hikmet.org.mk\/mk\/\",\"name\":\"Foundation for Science, Culture and Art\",\"description\":\"\",\"publisher\":{\"@id\":\"http:\/\/www.hikmet.org.mk\/mk\/#organization\"},\"potentialAction\":[{\"@type\":\"SearchAction\",\"target\":{\"@type\":\"EntryPoint\",\"urlTemplate\":\"http:\/\/www.hikmet.org.mk\/mk\/?s={search_term_string}\"},\"query-input\":{\"@type\":\"PropertyValueSpecification\",\"valueRequired\":true,\"valueName\":\"search_term_string\"}}],\"inLanguage\":\"tr\"},{\"@type\":\"Organization\",\"@id\":\"http:\/\/www.hikmet.org.mk\/mk\/#organization\",\"name\":\"Foundation for Science, Culture and Art\",\"url\":\"http:\/\/www.hikmet.org.mk\/mk\/\",\"logo\":{\"@type\":\"ImageObject\",\"inLanguage\":\"tr\",\"@id\":\"http:\/\/www.hikmet.org.mk\/mk\/#\/schema\/logo\/image\/\",\"url\":\"\",\"contentUrl\":\"\",\"caption\":\"Foundation for Science, Culture and Art\"},\"image\":{\"@id\":\"http:\/\/www.hikmet.org.mk\/mk\/#\/schema\/logo\/image\/\"}}]}<\/script>\n<!-- \/ Yoast SEO plugin. -->","yoast_head_json":{"title":"Hikmet | Bilim, K\u00fclt\u00fcr ve Sanat Vakf\u0131","robots":{"index":"index","follow":"follow","max-snippet":"max-snippet:-1","max-image-preview":"max-image-preview:large","max-video-preview":"max-video-preview:-1"},"canonical":"http:\/\/www.hikmet.org.mk\/tr\/","twitter_card":"summary_large_image","twitter_title":"Hikmet | Bilim, K\u00fclt\u00fcr ve Sanat Vakf\u0131","twitter_description":"[vc_row el_class=&#8221;content-title&#8221; css=&#8221;.vc_custom_1733134793937{padding-right: 0px !important;padding-left: 0px !important;}&#8221; el_id=&#8221;anasayfa&#8221;][vc_column][vc_row_inner row_content_width=&#8221;grid&#8221; el_class=&#8221;impai-home-row left-img-div&#8221; css=&#8221;.vc_custom_1733134810332{background-image: url(http:\/\/www.hikmet.org.mk\/wp-content\/uploads\/2024\/12\/hikmet-hero-bg.jpg?id=12465) !important;}&#8221;][vc_column_inner el_class=&#8221;left-img-div&#8221;][vc_column_text] Gelece\u011fi Birlikte \u015eekillendiriyoruz: Bilim, Sanat ve K\u00fclt\u00fcr. [\/vc_column_text][vc_column_text]Hikmet Vakf\u0131, toplumsal ayd\u0131nlanmay\u0131 te\u015fvik etmek i\u00e7in bilimin, sanat\u0131n ve k\u00fclt\u00fcr\u00fcn g\u00fcc\u00fcn\u00fc kullan\u0131r. Herkesin katk\u0131da bulunabilece\u011fi bir platform [&hellip;]","twitter_misc":{"Tahmini okuma s\u00fcresi":"4 dakika"},"schema":{"@context":"https:\/\/schema.org","@graph":[{"@type":"WebPage","@id":"http:\/\/www.hikmet.org.mk\/tr\/","url":"http:\/\/www.hikmet.org.mk\/tr\/","name":"Hikmet | Bilim, K\u00fclt\u00fcr ve Sanat Vakf\u0131","isPartOf":{"@id":"http:\/\/www.hikmet.org.mk\/mk\/#website"},"datePublished":"2023-08-01T10:29:38+00:00","dateModified":"2024-12-03T11:51:00+00:00","breadcrumb":{"@id":"http:\/\/www.hikmet.org.mk\/tr\/#breadcrumb"},"inLanguage":"tr","potentialAction":[{"@type":"ReadAction","target":["http:\/\/www.hikmet.org.mk\/tr\/"]}]},{"@type":"BreadcrumbList","@id":"http:\/\/www.hikmet.org.mk\/tr\/#breadcrumb","itemListElement":[{"@type":"ListItem","position":1,"name":"Home","item":"http:\/\/www.hikmet.org.mk\/tr\/"},{"@type":"ListItem","position":2,"name":"Home-TR"}]},{"@type":"WebSite","@id":"http:\/\/www.hikmet.org.mk\/mk\/#website","url":"http:\/\/www.hikmet.org.mk\/mk\/","name":"Foundation for Science, Culture and Art","description":"","publisher":{"@id":"http:\/\/www.hikmet.org.mk\/mk\/#organization"},"potentialAction":[{"@type":"SearchAction","target":{"@type":"EntryPoint","urlTemplate":"http:\/\/www.hikmet.org.mk\/mk\/?s={search_term_string}"},"query-input":{"@type":"PropertyValueSpecification","valueRequired":true,"valueName":"search_term_string"}}],"inLanguage":"tr"},{"@type":"Organization","@id":"http:\/\/www.hikmet.org.mk\/mk\/#organization","name":"Foundation for Science, Culture and Art","url":"http:\/\/www.hikmet.org.mk\/mk\/","logo":{"@type":"ImageObject","inLanguage":"tr","@id":"http:\/\/www.hikmet.org.mk\/mk\/#\/schema\/logo\/image\/","url":"","contentUrl":"","caption":"Foundation for Science, Culture and Art"},"image":{"@id":"http:\/\/www.hikmet.org.mk\/mk\/#\/schema\/logo\/image\/"}}]}},"_links":{"self":[{"href":"http:\/\/www.hikmet.org.mk\/tr\/wp-json\/wp\/v2\/pages\/12302","targetHints":{"allow":["GET"]}}],"collection":[{"href":"http:\/\/www.hikmet.org.mk\/tr\/wp-json\/wp\/v2\/pages"}],"about":[{"href":"http:\/\/www.hikmet.org.mk\/tr\/wp-json\/wp\/v2\/types\/page"}],"author":[{"embeddable":true,"href":"http:\/\/www.hikmet.org.mk\/tr\/wp-json\/wp\/v2\/users\/1"}],"replies":[{"embeddable":true,"href":"http:\/\/www.hikmet.org.mk\/tr\/wp-json\/wp\/v2\/comments?post=12302"}],"version-history":[{"count":16,"href":"http:\/\/www.hikmet.org.mk\/tr\/wp-json\/wp\/v2\/pages\/12302\/revisions"}],"predecessor-version":[{"id":12499,"href":"http:\/\/www.hikmet.org.mk\/tr\/wp-json\/wp\/v2\/pages\/12302\/revisions\/12499"}],"wp:attachment":[{"href":"http:\/\/www.hikmet.org.mk\/tr\/wp-json\/wp\/v2\/media?parent=12302"}],"curies":[{"name":"wp","href":"https:\/\/api.w.org\/{rel}","templated":true}]}}